{"id":9404,"date":"2025-09-24T12:47:09","date_gmt":"2025-09-24T12:47:09","guid":{"rendered":"https:\/\/uctr-gmbh.de\/?post_type=product&#038;p=9404"},"modified":"2025-09-24T13:16:07","modified_gmt":"2025-09-24T13:16:07","slug":"koop-5cladba-online-in-nederland","status":"publish","type":"product","link":"https:\/\/uctr-gmbh.de\/it\/product\/koop-5cladba-online-in-nederland\/","title":{"rendered":"Koop 5CLADBA online in Nederland"},"content":{"rendered":"<p><strong>Kaufen Sie 5CLADBA online in den Niederlanden \u2013 Hochwertiger und zuverl\u00e4ssiger Lieferant<\/strong><\/p>\n<p><strong>Was ist 5CLADBA? 5CLADBA, auch bekannt als 5cl-adb-a und 5cl-adba, ist ein synthetisches Cannabinoid, das f\u00fcr seine hohe Reinheit und Konsistenz bekannt ist. Diese Verbindung wird h\u00e4ufig in Forschungs- und forensischen Anwendungen verwendet, um Rezeptorbindungen, pharmakologische Eigenschaften und andere analytische Zwecke zu untersuchen. Bei Cannabinoidssales (CBS) erhalten Sie erstklassiges 5CLADBA f\u00fcr legale Forschungsanwendungen.<\/strong><\/p>\n<p><strong>Kaufen Sie EU-Pulver online<\/strong><\/p>\n<p><strong>Warum CBS f\u00fcr 5CLADBA w\u00e4hlen? Un\u00fcbertroffene Reinheit und Qualit\u00e4t Bei CBS wird jede Charge 5cl-adba im Labor getestet, um maximale Reinheit und Leistung in Forschungseinrichtungen zu gew\u00e4hrleisten. Unsere Hingabe an Qualit\u00e4t sorgt f\u00fcr konsistente Ergebnisse, weshalb wir ein vertrauensw\u00fcrdiger Lieferant f\u00fcr Forscher weltweit sind.<\/strong><\/p>\n<p><strong>Weltweiter Versand mit Diskretion CBS bietet schnellen und sicheren Versand in ausgew\u00e4hlte L\u00e4nder, einschlie\u00dflich USA, Kanada, Australien, Neuseeland, Deutschland, Vietnam und ganz Europa. Alle Bestellungen werden diskret verpackt, um die Privatsph\u00e4re unserer Kunden zu sch\u00fctzen.<\/strong><\/p>\n<p><strong>Zuverl\u00e4ssiger und legaler Lieferant Als f\u00fchrender Distributor h\u00e4lt sich CBS strikt an gesetzliche Vorschriften und liefert 5CLADBA ausschlie\u00dflich f\u00fcr Forschungs- und forensische Zwecke. Unsere Transparenz und Hingabe an ethische Standards haben uns einen exzellenten Ruf in der Branche eingebracht.<\/strong><\/p>\n<p><strong>H\u00e4ufig gestellte Fragen zu 5CLADBA<\/strong><\/p>\n<p><strong>Ist der Kauf von 5CLADBA legal? Ja, CBS liefert 5CLADBA legal f\u00fcr Forschungs- und forensische Anwendungen. Es ist nicht f\u00fcr den menschlichen Verzehr oder Freizeitgebrauch bestimmt.<\/strong><br \/>\n<strong>In welche L\u00e4nder versendet CBS? Wir versenden in viele L\u00e4nder, einschlie\u00dflich USA, Kanada, Australien, Neuseeland, Deutschland, Vietnam und den Rest Europas.<\/strong><br \/>\n<strong>Wie wird 5CLADBA f\u00fcr den Versand verpackt? Unsere Verpackung ist diskret und sicher, um Ihre Privatsph\u00e4re zu sch\u00fctzen und die Integrit\u00e4t des Produkts w\u00e4hrend des Transports zu gew\u00e4hrleisten.<\/strong><br \/>\n<strong>Kann ich 5CLADBA f\u00fcr nicht-wissenschaftliche Zwecke verwenden? Nein, CBS liefert 5CLADBA ausschlie\u00dflich f\u00fcr Forschungs- und forensische Zwecke.<\/strong><br \/>\n<strong>Wie kann ich sicher sein, dass das Produkt hochwertig ist? Alle unsere Produkte, einschlie\u00dflich 5CLADBA, unterliegen strengen Labortests, um au\u00dfergew\u00f6hnliche Qualit\u00e4t und Konsistenz zu gew\u00e4hrleisten.<\/strong><\/p>\n<p><strong>Kaufen Sie EU-Pulver online Optimieren Sie Ihre Forschung mit CBS Bringen Sie Ihre Studien auf das n\u00e4chste Level mit hochwertigem 5CLADBA von einem vertrauensw\u00fcrdigen Lieferanten. Bei CBS stehen Reinheit, Sicherheit und Kundenzufriedenheit an erster Stelle. Egal ob Sie in den USA, Kanada, Australien oder Europa ans\u00e4ssig sind, unser globales Netzwerk sorgt daf\u00fcr, dass Sie schnell und sicher die ben\u00f6tigten Forschungssubstanzen erhalten.<\/strong><\/p>\n<p><strong>Bestellen Sie noch heute und erleben Sie die CBS-Exzellenz in der Forschungslieferung!<\/strong><\/p>","protected":false},"excerpt":{"rendered":"<p>Premium 5CLADBA f\u00fcr Forschungszwecke in den Niederlanden<\/p>\n<p>Kaufen Sie hochwertiges 5CLADBA (5cl-adb-a) bei CBS, dem f\u00fchrenden niederl\u00e4ndischen Anbieter von synthetischen Cannabinoiden f\u00fcr Forschungszwecke. Garantierte Reinheit, legaler und diskreter Versand weltweit. Ideal f\u00fcr analytische und forensische Anwendungen.<\/p>","protected":false},"featured_media":9405,"comment_status":"open","ping_status":"closed","template":"","meta":[],"product_brand":[],"product_cat":[1226,1225],"product_tag":[1227,1228,1229,1230,1231,1232,1233,1234,1235,1236,1237,1238,1239,1240,1241,1242,1243],"class_list":{"0":"post-9404","1":"product","2":"type-product","3":"status-publish","4":"has-post-thumbnail","6":"product_cat-research-chemicals-lab-chem","7":"product_cat-synthetic-cannabinoids","8":"product_tag-5cl-adb-a-supplier","9":"product_tag-5cl-adba-for-research","10":"product_tag-5cl-adba-forensics","11":"product_tag-5cladba","12":"product_tag-5cladba-australia","13":"product_tag-5cladba-canada","14":"product_tag-5cladba-legal-supplier","15":"product_tag-5cladba-supplier-usa","16":"product_tag-5cladba-usa","17":"product_tag-buy-5cl-adb-a-online","18":"product_tag-buy-5cl-adba-new-zealand","19":"product_tag-buy-5cladba","20":"product_tag-cbs-research-chemicals","21":"product_tag-research-chemicals-cbs","22":"product_tag-synthetic-cannabinoids-europe","23":"product_tag-synthetic-cannabinoids-for-analysis","24":"product_tag-synthetic-cannabinoids-germany","26":"first","27":"instock","28":"shipping-taxable","29":"purchasable","30":"product-type-variable"},"yoast_head":"<!-- This site is optimized with the Yoast SEO plugin v27.2 - https:\/\/yoast.com\/product\/yoast-seo-wordpress\/ -->\n<title>Koop 5CLADBA online in Nederland - UNIVERSAL Chemical Trading GmbH<\/title>\n<meta name=\"description\" content=\"Koop EU Poeder Online Optimaliseer uw onderzoek met CBS Breng uw studies naar een hoger niveau met hoogwaardige 5CLADBA van een vertrouwde leverancier\" \/>\n<meta name=\"robots\" content=\"index, follow, max-snippet:-1, max-image-preview:large, max-video-preview:-1\" \/>\n<link rel=\"canonical\" href=\"https:\/\/uctr-gmbh.de\/it\/product\/koop-5cladba-online-in-nederland\/\" \/>\n<meta property=\"og:locale\" content=\"it_IT\" \/>\n<meta property=\"og:type\" content=\"article\" \/>\n<meta property=\"og:title\" content=\"Koop 5CLADBA online in Nederland - UNIVERSAL Chemical Trading GmbH\" \/>\n<meta property=\"og:description\" content=\"Koop EU Poeder Online Optimaliseer uw onderzoek met CBS Breng uw studies naar een hoger niveau met hoogwaardige 5CLADBA van een vertrouwde leverancier\" \/>\n<meta property=\"og:url\" content=\"https:\/\/uctr-gmbh.de\/it\/product\/koop-5cladba-online-in-nederland\/\" \/>\n<meta property=\"og:site_name\" content=\"UNIVERSAL Chemical Trading GmbH\" \/>\n<meta property=\"article:modified_time\" content=\"2025-09-24T13:16:07+00:00\" \/>\n<meta property=\"og:image\" content=\"https:\/\/uctr-gmbh.de\/wp-content\/uploads\/2025\/09\/Screen-Shot-2024-05-08-at-11.16.33.webp\" \/>\n\t<meta property=\"og:image:width\" content=\"435\" \/>\n\t<meta property=\"og:image:height\" content=\"472\" \/>\n\t<meta property=\"og:image:type\" content=\"image\/webp\" \/>\n<meta name=\"twitter:card\" content=\"summary_large_image\" \/>\n<meta name=\"twitter:label1\" content=\"Tempo di lettura stimato\" \/>\n\t<meta name=\"twitter:data1\" content=\"2 minuti\" \/>\n<script type=\"application\/ld+json\" class=\"yoast-schema-graph\">{\"@context\":\"https:\/\/schema.org\",\"@graph\":[{\"@type\":\"WebPage\",\"@id\":\"https:\/\/uctr-gmbh.de\/product\/koop-5cladba-online-in-nederland\/\",\"url\":\"https:\/\/uctr-gmbh.de\/product\/koop-5cladba-online-in-nederland\/\",\"name\":\"Koop 5CLADBA online in Nederland - UNIVERSAL Chemical Trading GmbH\",\"isPartOf\":{\"@id\":\"https:\/\/uctr-gmbh.de\/#website\"},\"primaryImageOfPage\":{\"@id\":\"https:\/\/uctr-gmbh.de\/product\/koop-5cladba-online-in-nederland\/#primaryimage\"},\"image\":{\"@id\":\"https:\/\/uctr-gmbh.de\/product\/koop-5cladba-online-in-nederland\/#primaryimage\"},\"thumbnailUrl\":\"https:\/\/uctr-gmbh.de\/wp-content\/uploads\/2025\/09\/Screen-Shot-2024-05-08-at-11.16.33.webp\",\"datePublished\":\"2025-09-24T12:47:09+00:00\",\"dateModified\":\"2025-09-24T13:16:07+00:00\",\"description\":\"Koop EU Poeder Online Optimaliseer uw onderzoek met CBS Breng uw studies naar een hoger niveau met hoogwaardige 5CLADBA van een vertrouwde leverancier\",\"breadcrumb\":{\"@id\":\"https:\/\/uctr-gmbh.de\/product\/koop-5cladba-online-in-nederland\/#breadcrumb\"},\"inLanguage\":\"it-IT\",\"potentialAction\":[{\"@type\":\"ReadAction\",\"target\":[\"https:\/\/uctr-gmbh.de\/product\/koop-5cladba-online-in-nederland\/\"]}]},{\"@type\":\"ImageObject\",\"inLanguage\":\"it-IT\",\"@id\":\"https:\/\/uctr-gmbh.de\/product\/koop-5cladba-online-in-nederland\/#primaryimage\",\"url\":\"https:\/\/uctr-gmbh.de\/wp-content\/uploads\/2025\/09\/Screen-Shot-2024-05-08-at-11.16.33.webp\",\"contentUrl\":\"https:\/\/uctr-gmbh.de\/wp-content\/uploads\/2025\/09\/Screen-Shot-2024-05-08-at-11.16.33.webp\",\"width\":435,\"height\":472},{\"@type\":\"BreadcrumbList\",\"@id\":\"https:\/\/uctr-gmbh.de\/product\/koop-5cladba-online-in-nederland\/#breadcrumb\",\"itemListElement\":[{\"@type\":\"ListItem\",\"position\":1,\"name\":\"Home\",\"item\":\"https:\/\/uctr-gmbh.de\/\"},{\"@type\":\"ListItem\",\"position\":2,\"name\":\"Shop\",\"item\":\"https:\/\/uctr-gmbh.de\/shop\/\"},{\"@type\":\"ListItem\",\"position\":3,\"name\":\"Koop 5CLADBA online in Nederland\"}]},{\"@type\":\"WebSite\",\"@id\":\"https:\/\/uctr-gmbh.de\/#website\",\"url\":\"https:\/\/uctr-gmbh.de\/\",\"name\":\"UNIVERSAL Chemical Trading GmbH\",\"description\":\"\",\"potentialAction\":[{\"@type\":\"SearchAction\",\"target\":{\"@type\":\"EntryPoint\",\"urlTemplate\":\"https:\/\/uctr-gmbh.de\/?s={search_term_string}\"},\"query-input\":{\"@type\":\"PropertyValueSpecification\",\"valueRequired\":true,\"valueName\":\"search_term_string\"}}],\"inLanguage\":\"it-IT\"}]}<\/script>\n<!-- \/ Yoast SEO plugin. -->","yoast_head_json":{"title":"Koop 5CLADBA online in Nederland - UNIVERSAL Chemical Trading GmbH","description":"Koop EU Poeder Online Optimaliseer uw onderzoek met CBS Breng uw studies naar een hoger niveau met hoogwaardige 5CLADBA van een vertrouwde leverancier","robots":{"index":"index","follow":"follow","max-snippet":"max-snippet:-1","max-image-preview":"max-image-preview:large","max-video-preview":"max-video-preview:-1"},"canonical":"https:\/\/uctr-gmbh.de\/it\/product\/koop-5cladba-online-in-nederland\/","og_locale":"it_IT","og_type":"article","og_title":"Koop 5CLADBA online in Nederland - UNIVERSAL Chemical Trading GmbH","og_description":"Koop EU Poeder Online Optimaliseer uw onderzoek met CBS Breng uw studies naar een hoger niveau met hoogwaardige 5CLADBA van een vertrouwde leverancier","og_url":"https:\/\/uctr-gmbh.de\/it\/product\/koop-5cladba-online-in-nederland\/","og_site_name":"UNIVERSAL Chemical Trading GmbH","article_modified_time":"2025-09-24T13:16:07+00:00","og_image":[{"width":435,"height":472,"url":"https:\/\/uctr-gmbh.de\/wp-content\/uploads\/2025\/09\/Screen-Shot-2024-05-08-at-11.16.33.webp","type":"image\/webp"}],"twitter_card":"summary_large_image","twitter_misc":{"Tempo di lettura stimato":"2 minuti"},"schema":{"@context":"https:\/\/schema.org","@graph":[{"@type":"WebPage","@id":"https:\/\/uctr-gmbh.de\/product\/koop-5cladba-online-in-nederland\/","url":"https:\/\/uctr-gmbh.de\/product\/koop-5cladba-online-in-nederland\/","name":"Koop 5CLADBA online in Nederland - UNIVERSAL Chemical Trading GmbH","isPartOf":{"@id":"https:\/\/uctr-gmbh.de\/#website"},"primaryImageOfPage":{"@id":"https:\/\/uctr-gmbh.de\/product\/koop-5cladba-online-in-nederland\/#primaryimage"},"image":{"@id":"https:\/\/uctr-gmbh.de\/product\/koop-5cladba-online-in-nederland\/#primaryimage"},"thumbnailUrl":"https:\/\/uctr-gmbh.de\/wp-content\/uploads\/2025\/09\/Screen-Shot-2024-05-08-at-11.16.33.webp","datePublished":"2025-09-24T12:47:09+00:00","dateModified":"2025-09-24T13:16:07+00:00","description":"Koop EU Poeder Online Optimaliseer uw onderzoek met CBS Breng uw studies naar een hoger niveau met hoogwaardige 5CLADBA van een vertrouwde leverancier","breadcrumb":{"@id":"https:\/\/uctr-gmbh.de\/product\/koop-5cladba-online-in-nederland\/#breadcrumb"},"inLanguage":"it-IT","potentialAction":[{"@type":"ReadAction","target":["https:\/\/uctr-gmbh.de\/product\/koop-5cladba-online-in-nederland\/"]}]},{"@type":"ImageObject","inLanguage":"it-IT","@id":"https:\/\/uctr-gmbh.de\/product\/koop-5cladba-online-in-nederland\/#primaryimage","url":"https:\/\/uctr-gmbh.de\/wp-content\/uploads\/2025\/09\/Screen-Shot-2024-05-08-at-11.16.33.webp","contentUrl":"https:\/\/uctr-gmbh.de\/wp-content\/uploads\/2025\/09\/Screen-Shot-2024-05-08-at-11.16.33.webp","width":435,"height":472},{"@type":"BreadcrumbList","@id":"https:\/\/uctr-gmbh.de\/product\/koop-5cladba-online-in-nederland\/#breadcrumb","itemListElement":[{"@type":"ListItem","position":1,"name":"Home","item":"https:\/\/uctr-gmbh.de\/"},{"@type":"ListItem","position":2,"name":"Shop","item":"https:\/\/uctr-gmbh.de\/shop\/"},{"@type":"ListItem","position":3,"name":"Koop 5CLADBA online in Nederland"}]},{"@type":"WebSite","@id":"https:\/\/uctr-gmbh.de\/#website","url":"https:\/\/uctr-gmbh.de\/","name":"UNIVERSAL Chemical Trading GmbH","description":"","potentialAction":[{"@type":"SearchAction","target":{"@type":"EntryPoint","urlTemplate":"https:\/\/uctr-gmbh.de\/?s={search_term_string}"},"query-input":{"@type":"PropertyValueSpecification","valueRequired":true,"valueName":"search_term_string"}}],"inLanguage":"it-IT"}]}},"_links":{"self":[{"href":"https:\/\/uctr-gmbh.de\/it\/wp-json\/wp\/v2\/product\/9404","targetHints":{"allow":["GET"]}}],"collection":[{"href":"https:\/\/uctr-gmbh.de\/it\/wp-json\/wp\/v2\/product"}],"about":[{"href":"https:\/\/uctr-gmbh.de\/it\/wp-json\/wp\/v2\/types\/product"}],"replies":[{"embeddable":true,"href":"https:\/\/uctr-gmbh.de\/it\/wp-json\/wp\/v2\/comments?post=9404"}],"wp:featuredmedia":[{"embeddable":true,"href":"https:\/\/uctr-gmbh.de\/it\/wp-json\/wp\/v2\/media\/9405"}],"wp:attachment":[{"href":"https:\/\/uctr-gmbh.de\/it\/wp-json\/wp\/v2\/media?parent=9404"}],"wp:term":[{"taxonomy":"product_brand","embeddable":true,"href":"https:\/\/uctr-gmbh.de\/it\/wp-json\/wp\/v2\/product_brand?post=9404"},{"taxonomy":"product_cat","embeddable":true,"href":"https:\/\/uctr-gmbh.de\/it\/wp-json\/wp\/v2\/product_cat?post=9404"},{"taxonomy":"product_tag","embeddable":true,"href":"https:\/\/uctr-gmbh.de\/it\/wp-json\/wp\/v2\/product_tag?post=9404"}],"curies":[{"name":"wp","href":"https:\/\/api.w.org\/{rel}","templated":true}]}}